{"id":7908,"date":"2023-12-05T16:44:59","date_gmt":"2023-12-05T13:44:59","guid":{"rendered":"https:\/\/mustafasofikerim.com.tr\/?page_id=7908"},"modified":"2024-02-08T14:23:47","modified_gmt":"2024-02-08T11:23:47","slug":"vezikovajinal-fistul","status":"publish","type":"page","link":"https:\/\/mustafasofikerim.com.tr\/en\/vesicovaginal-fistula\/","title":{"rendered":"Vesicovaginal Fistula"},"content":{"rendered":"<div data-elementor-type=\"wp-page\" data-elementor-id=\"7908\" class=\"elementor elementor-7908\">\n\t\t\t\t\t\t<section class=\"elementor-section elementor-top-section elementor-element elementor-element-488b5d1 elementor-section-boxed elementor-section-height-default elementor-section-height-default\" data-id=\"488b5d1\" data-element_type=\"section\">\n\t\t\t\t\t\t<div class=\"elementor-container elementor-column-gap-default\">\n\t\t\t\t\t<div class=\"elementor-column elementor-col-50 elementor-top-column elementor-element elementor-element-688e065\" data-id=\"688e065\" data-element_type=\"column\">\n\t\t\t<div class=\"elementor-widget-wrap elementor-element-populated\">\n\t\t\t\t\t\t<div class=\"elementor-element elementor-element-c6fbdae elementor-widget elementor-widget-image\" data-id=\"c6fbdae\" data-element_type=\"widget\" data-widget_type=\"image.default\">\n\t\t\t\t<div class=\"elementor-widget-container\">\n\t\t\t\t\t\t\t\t\t\t\t\t\t\t\t<img fetchpriority=\"high\" decoding=\"async\" width=\"1024\" height=\"664\" src=\"https:\/\/mustafasofikerim.com.tr\/wp-content\/uploads\/2023\/12\/Vazeiko-Vajinal-Fistul-1170x759-1-1024x664.jpg\" class=\"attachment-large size-large wp-image-7910\" alt=\"\" srcset=\"https:\/\/mustafasofikerim.com.tr\/wp-content\/uploads\/2023\/12\/Vazeiko-Vajinal-Fistul-1170x759-1-1024x664.jpg 1024w, https:\/\/mustafasofikerim.com.tr\/wp-content\/uploads\/2023\/12\/Vazeiko-Vajinal-Fistul-1170x759-1-300x195.jpg 300w, https:\/\/mustafasofikerim.com.tr\/wp-content\/uploads\/2023\/12\/Vazeiko-Vajinal-Fistul-1170x759-1-768x498.jpg 768w, https:\/\/mustafasofikerim.com.tr\/wp-content\/uploads\/2023\/12\/Vazeiko-Vajinal-Fistul-1170x759-1-18x12.jpg 18w, https:\/\/mustafasofikerim.com.tr\/wp-content\/uploads\/2023\/12\/Vazeiko-Vajinal-Fistul-1170x759-1.jpg 1170w\" sizes=\"(max-width: 1024px) 100vw, 1024px\" title=\"\">\t\t\t\t\t\t\t\t\t\t\t\t\t\t\t<\/div>\n\t\t\t\t<\/div>\n\t\t\t\t<div class=\"elementor-element elementor-element-ad44d5c elementor-widget elementor-widget-heading\" data-id=\"ad44d5c\" data-element_type=\"widget\" data-widget_type=\"heading.default\">\n\t\t\t\t<div class=\"elementor-widget-container\">\n\t\t\t\t\t<h1 class=\"elementor-heading-title elementor-size-default\">Vesicovaginal Fistula\n<\/h1>\t\t\t\t<\/div>\n\t\t\t\t<\/div>\n\t\t\t\t<div class=\"elementor-element elementor-element-c7937df elementor-widget elementor-widget-text-editor\" data-id=\"c7937df\" data-element_type=\"widget\" data-widget_type=\"text-editor.default\">\n\t\t\t\t<div class=\"elementor-widget-container\">\n\t\t\t\t\t\t\t\t\t<p>Subtype of fistulas that occur between the urinary tract and female genitals in women\u00a0 <strong>vesicovaginal fistula<\/strong>\u00a0It is defined as . The abnormal canal formed between the urinary bladder and the vagina is called fistula. Fistula occurs between the bladder and vagina. It occurs between the bladder and vagina. Due to fistula, urine from the bladder leaks into the vagina and flows out of the vagina, causing involuntary and continuous urine leakage.<\/p><p>Constant urinary incontinence negatively affects women&#039;s lives. Fistulas are the formation of abnormal connection pathways between the patient&#039;s internal organs. <strong>Vesicovaginal fistula<\/strong> Because of this, urine sometimes comes out of the vagina slightly. In addition to being a serious medical problem, this condition also affects the quality of life due to leakage and bad odor.<\/p>\t\t\t\t\t\t\t\t<\/div>\n\t\t\t\t<\/div>\n\t\t\t\t<div class=\"elementor-element elementor-element-4140c3d elementor-widget elementor-widget-image\" data-id=\"4140c3d\" data-element_type=\"widget\" data-widget_type=\"image.default\">\n\t\t\t\t<div class=\"elementor-widget-container\">\n\t\t\t\t\t\t\t\t\t\t\t\t\t\t\t<img decoding=\"async\" width=\"1024\" height=\"427\" src=\"https:\/\/mustafasofikerim.com.tr\/wp-content\/uploads\/2022\/11\/Vazeiko-Vajinal-Fistul-Belirtileri-1024x427.png\" class=\"attachment-large size-large wp-image-5296\" alt=\"Vazeiko Vaginal Fistula\" srcset=\"https:\/\/mustafasofikerim.com.tr\/wp-content\/uploads\/2022\/11\/Vazeiko-Vajinal-Fistul-Belirtileri-1024x427.png 1024w, https:\/\/mustafasofikerim.com.tr\/wp-content\/uploads\/2022\/11\/Vazeiko-Vajinal-Fistul-Belirtileri-300x125.png 300w, https:\/\/mustafasofikerim.com.tr\/wp-content\/uploads\/2022\/11\/Vazeiko-Vajinal-Fistul-Belirtileri-768x320.png 768w, https:\/\/mustafasofikerim.com.tr\/wp-content\/uploads\/2022\/11\/Vazeiko-Vajinal-Fistul-Belirtileri.png 1200w\" sizes=\"(max-width: 1024px) 100vw, 1024px\" title=\"\">\t\t\t\t\t\t\t\t\t\t\t\t\t\t\t<\/div>\n\t\t\t\t<\/div>\n\t\t\t\t<div class=\"elementor-element elementor-element-1b7a4b3 elementor-widget elementor-widget-text-editor\" data-id=\"1b7a4b3\" data-element_type=\"widget\" data-widget_type=\"text-editor.default\">\n\t\t\t\t<div class=\"elementor-widget-container\">\n\t\t\t\t\t\t\t\t\t<h2><strong>How Does Vesicovaginal Fistula Occur?<\/strong><\/h2><p>They are complications that usually occur after surgery performed to treat problems in the bladder or vagina. <strong>Vesicovaginal fistula<\/strong> It may also occur due to disease or gynecological cancer. Side effects of radiation therapy used for cancer treatment or recurrent urinary tract infections may cause fistulas.<\/p><h3><strong>Who Gets Vesicovaginal Fistula?<\/strong><\/h3><p>Vesicovaginal Fistula is common in women after gynecological surgery such as Caesarean section and hysterectomy. Moreover <strong>Vesicovaginal fistula<\/strong>It is a disease that is more common in women who have an abscessed infection between the bladder and the vagina or who have received radiation therapy due to uterine or cervical cancer.<\/p><h3><strong>How Common is Vazeiko Vaginal Fistula?<\/strong><\/h3><p>Vesico vaginal fistula, which occurs due to difficult birth, may occur due to prolonged and excessive pressure on the bladder during birth. In addition, factors affecting the development of the disease include gynecological surgeries such as hysterectomy, infection between the bladder and vagina, radiotherapy treatment due to uterine, cervical cancer or similar types of cancer, and birth at a young age are among the causes of vesico vaginal fistula. is taking.<\/p>\t\t\t\t\t\t\t\t<\/div>\n\t\t\t\t<\/div>\n\t\t\t\t<div class=\"elementor-element elementor-element-4f084a2 elementor-widget elementor-widget-image\" data-id=\"4f084a2\" data-element_type=\"widget\" data-widget_type=\"image.default\">\n\t\t\t\t<div class=\"elementor-widget-container\">\n\t\t\t\t\t\t\t\t\t\t\t\t\t\t\t<img decoding=\"async\" width=\"830\" height=\"415\" src=\"https:\/\/mustafasofikerim.com.tr\/wp-content\/uploads\/2022\/11\/Vezikovajinal-Fistul.jpg\" class=\"attachment-large size-large wp-image-5611\" alt=\"Vesicovaginal Fistula\" srcset=\"https:\/\/mustafasofikerim.com.tr\/wp-content\/uploads\/2022\/11\/Vezikovajinal-Fistul.jpg 830w, https:\/\/mustafasofikerim.com.tr\/wp-content\/uploads\/2022\/11\/Vezikovajinal-Fistul-300x150.jpg 300w, https:\/\/mustafasofikerim.com.tr\/wp-content\/uploads\/2022\/11\/Vezikovajinal-Fistul-768x384.jpg 768w\" sizes=\"(max-width: 830px) 100vw, 830px\" title=\"\">\t\t\t\t\t\t\t\t\t\t\t\t\t\t\t<\/div>\n\t\t\t\t<\/div>\n\t\t\t\t<div class=\"elementor-element elementor-element-cc67753 elementor-widget elementor-widget-text-editor\" data-id=\"cc67753\" data-element_type=\"widget\" data-widget_type=\"text-editor.default\">\n\t\t\t\t<div class=\"elementor-widget-container\">\n\t\t\t\t\t\t\t\t\t<h3><strong>What are the Symptoms of Vesiko Vaginal Fistula?<\/strong><\/h3><p>The most basic symptom of the disease is involuntary urine discharge from the vagina. Involuntary leakage of urine may be continuous or may vary depending on the size of the fistula. High fever, attacks of pain and feeling of blockage in the intestines, and urinary tract infections are also among the symptoms of vesicovaginal fistula.<\/p><h3><strong>Vesicovaginal Fistula Diagnosis<\/strong><\/h3><p>In patients with suspected Vesicovaginal Fistula, a substance called methylene blue is administered to the urinary tract to check whether the urine comes from the vagina. For the definitive diagnosis of the disease, a thin instrument with a camera on its tip (cystoscopy) is inserted into the bladder by showing the fistula opening. The physician also performs a physical examination. Various tests and scans are performed on the patient.<\/p><h3><strong>Vesicovaginal Fistula Treatment<\/strong><\/h3><p>If the patient has a small fistula, a catheter can be used in the treatment of these fistulas. Fistula is treated by inserting a catheter into the urinary bladder for 2-3 weeks. For larger fistulas, surgical treatment may be needed. An incision is made in the vagina or lower abdomen and the tissue around the fistula canal is removed until it reaches the tissue with good blood supply. Open or closed surgery may be performed in the treatment of the disease. In open surgery, repair is done by vaginal route and abdominal repair, while in closed surgery it is done laparoscopically.<strong> vesicovaginal fistula <\/strong>Repair is one of the most frequently preferred methods. In the treatment method to be applied to the patient; Factors such as the patient&#039;s general health condition, the size of the fistula, the location of the fistula and the reason for its development are also important.<\/p>\t\t\t\t\t\t\t\t<\/div>\n\t\t\t\t<\/div>\n\t\t\t\t<div class=\"elementor-element elementor-element-acc2465 elementor-widget elementor-widget-image\" data-id=\"acc2465\" data-element_type=\"widget\" data-widget_type=\"image.default\">\n\t\t\t\t<div class=\"elementor-widget-container\">\n\t\t\t\t\t\t\t\t\t\t\t\t\t\t\t<img loading=\"lazy\" decoding=\"async\" width=\"1024\" height=\"536\" src=\"https:\/\/mustafasofikerim.com.tr\/wp-content\/uploads\/2022\/11\/Vezikovajinal-Fistul--1024x536.jpg\" class=\"attachment-large size-large wp-image-5612\" alt=\"Vesicovaginal Fistula\" srcset=\"https:\/\/mustafasofikerim.com.tr\/wp-content\/uploads\/2022\/11\/Vezikovajinal-Fistul--1024x536.jpg 1024w, https:\/\/mustafasofikerim.com.tr\/wp-content\/uploads\/2022\/11\/Vezikovajinal-Fistul--300x157.jpg 300w, https:\/\/mustafasofikerim.com.tr\/wp-content\/uploads\/2022\/11\/Vezikovajinal-Fistul--768x402.jpg 768w, https:\/\/mustafasofikerim.com.tr\/wp-content\/uploads\/2022\/11\/Vezikovajinal-Fistul-.jpg 1200w\" sizes=\"(max-width: 1024px) 100vw, 1024px\" title=\"\">\t\t\t\t\t\t\t\t\t\t\t\t\t\t\t<\/div>\n\t\t\t\t<\/div>\n\t\t\t\t<div class=\"elementor-element elementor-element-3336a8a elementor-widget elementor-widget-text-editor\" data-id=\"3336a8a\" data-element_type=\"widget\" data-widget_type=\"text-editor.default\">\n\t\t\t\t<div class=\"elementor-widget-container\">\n\t\t\t\t\t\t\t\t\t<h3><strong>Vaginal Approach<\/strong><\/h3><p>It is a frequently used method in the treatment of Vesicovaginal Fistula. After the surgery, the patient recovers quickly. The risk of bleeding and complications is low with the vaginal approach. This method applied to the patient is intensively applied to simple fistulas close to the bladder neck. Vaginal approach is used for fistulas seen in the lower part of the vagina, which usually occur due to birth.<\/p><h3><strong>Abdominal Approach<\/strong><\/h3><p>The abdominal approach is preferred in patients with low bladder capacity and narrow and deep vagina. <strong>Vesicovaginal fistula<\/strong> If it is related to neighboring organs or the ureter, if the fistula mouth is larger than 4 cm, and if the disease occurs after radiotherapy, abdominal repair is considered the first option.<\/p><h3><strong>Laparoscopic Vesicovaginal Fistula Repair<\/strong><\/h3><p>It is the most successful method. If the patient is deemed suitable for the treatment of vesicovaginal fistula, it is possible to benefit from the advantages of closed surgery. Fast recovery with closed surgery method, short hospital stay and small incision scars on the body are among the benefits of laparoscopic vesicovaginal fistula.<\/p>\t\t\t\t\t\t\t\t<\/div>\n\t\t\t\t<\/div>\n\t\t\t\t<div class=\"elementor-element elementor-element-a840dea elementor-widget elementor-widget-tficonbox\" data-id=\"a840dea\" data-element_type=\"widget\" data-widget_type=\"tficonbox.default\">\n\t\t\t\t<div class=\"elementor-widget-container\">\n\t\t\t\t\t\t\t\t\t\t<div class=\"tficonbox left\">\n\t\t\t\t\t\n\t\t\t\t\t\t\t\t\t<div class=\"wrap-icon default\">\n\t\t\t\t\t\t<div class=\"wrap-icon-inner icon default\">\n\t\t\t\t\t\t\t\t\t\t\t\t\t<\/div>\n\t\t\t\t\t<\/div>\n\t\t\t\t\t\n\n\t\t\t\t<div class=\"content\">\n\t\t\t\t\t<h3 class=\"title\">Frequently Asked Questions<\/h3>\n\t\t\t\t\t<div class=\"description\"><\/div>\t\t\t\t\t\n\t\t\t\t\t\n\t\t\t\t<\/div>\n\t\t\t<\/div>\n\t\t\t\t\t\t<\/div>\n\t\t\t\t<\/div>\n\t\t\t\t<div class=\"elementor-element elementor-element-2444e5c elementor-widget elementor-widget-tfaccordion\" data-id=\"2444e5c\" data-element_type=\"widget\" data-widget_type=\"tfaccordion.default\">\n\t\t\t\t<div class=\"elementor-widget-container\">\n\t\t\t\t\t<div class=\"tf-accordion\"> \r\n\t\t\t\t<div class=\"tf-accordion-item\"><div class=\"accordion-title icon_after\"><span class=\"title-text\">01. What is Vazeiko Vaginal Fistula Repair?<\/span> \t\t\r\n\t\t\t\t<span class=\"wrap-accordion-icon wrap-accordion-icon-right\">\t\t\r\n\t\t\t\t<span class=\"accordion-icon accordion-icon-close\"><i class=\"fas fa-plus\"><\/i><\/span>\r\n\t\t\t\t<span class=\"accordion-icon accordion-icon-open\"><i class=\"fas fa-minus\"><\/i><\/span>\r\n\t\t\t\t<\/span><\/div> <div class=\"accordion-content\"><p>Small fistulas that occur in the patient can be treated by inserting a catheter into the urinary bladder for 2-3 weeks. Surgical treatment can be performed in large fistulas.<\/p><\/div><\/div><div class=\"tf-accordion-item inactive\"><div class=\"accordion-title icon_after inactive\"><span class=\"title-text\">02. What is Vaginal Fistula?<\/span> \t\t\r\n\t\t\t\t<span class=\"wrap-accordion-icon wrap-accordion-icon-right\">\t\t\r\n\t\t\t\t<span class=\"accordion-icon accordion-icon-close\"><i class=\"fas fa-plus\"><\/i><\/span>\r\n\t\t\t\t<span class=\"accordion-icon accordion-icon-open\"><i class=\"fas fa-minus\"><\/i><\/span>\r\n\t\t\t\t<\/span><\/div> <div class=\"accordion-content\"><p>Involuntary leakage of urine into the vagina by creating an unwanted channel between the bladder and the vagina is defined as vesicovaginal fistula.\u00a0<\/p><\/div><\/div><div class=\"tf-accordion-item inactive\"><div class=\"accordion-title icon_after inactive\"><span class=\"title-text\">03. What Causes Fistula in Women?<\/span> \t\t\r\n\t\t\t\t<span class=\"wrap-accordion-icon wrap-accordion-icon-right\">\t\t\r\n\t\t\t\t<span class=\"accordion-icon accordion-icon-close\"><i class=\"fas fa-plus\"><\/i><\/span>\r\n\t\t\t\t<span class=\"accordion-icon accordion-icon-open\"><i class=\"fas fa-minus\"><\/i><\/span>\r\n\t\t\t\t<\/span><\/div> <div class=\"accordion-content\"><p>Fistula occurs due to inflammation or injury of an organ. Usually long and difficult births, intestinal diseases, etc. causes fistula formation.<\/p><\/div><\/div><div class=\"tf-accordion-item inactive\"><div class=\"accordion-title icon_after inactive\"><span class=\"title-text\">04. Does Fistula Turn into Cancer?<\/span> \t\t\r\n\t\t\t\t<span class=\"wrap-accordion-icon wrap-accordion-icon-right\">\t\t\r\n\t\t\t\t<span class=\"accordion-icon accordion-icon-close\"><i class=\"fas fa-plus\"><\/i><\/span>\r\n\t\t\t\t<span class=\"accordion-icon accordion-icon-open\"><i class=\"fas fa-minus\"><\/i><\/span>\r\n\t\t\t\t<\/span><\/div> <div class=\"accordion-content\"><p>In very rare cases, cancer may develop as a result of fistula. Fistula left untreated for many years can cause cancer as a result of the damage it causes.<\/p><\/div><\/div>\r\n            <\/div>\t\t\t\t<\/div>\n\t\t\t\t<\/div>\n\t\t\t\t\t<\/div>\n\t\t<\/div>\n\t\t\t\t<div class=\"elementor-column elementor-col-50 elementor-top-column elementor-element elementor-element-36cac8c\" data-id=\"36cac8c\" data-element_type=\"column\">\n\t\t\t<div class=\"elementor-widget-wrap elementor-element-populated\">\n\t\t\t\t\t\t<div class=\"elementor-element elementor-element-5417509 elementor-widget elementor-widget-sidebar\" data-id=\"5417509\" data-element_type=\"widget\" data-widget_type=\"sidebar.default\">\n\t\t\t\t<div class=\"elementor-widget-container\">\n\t\t\t\t\t<div id=\"nav_menu-6\" class=\"widget widget_nav_menu\"><h4 class=\"widget-title\">Our treatments<\/h4><div class=\"menu-tedaviler2-container\"><ul id=\"menu-tedaviler2\" class=\"menu\"><li id=\"menu-item-8011\" class=\"menu-item menu-item-type-post_type menu-item-object-page menu-item-8011\"><a href=\"https:\/\/mustafasofikerim.com.tr\/en\/prostate-cancer\/\">Prostate cancer<\/a><\/li>\n<li id=\"menu-item-8012\" class=\"menu-item menu-item-type-post_type menu-item-object-page menu-item-8012\"><a href=\"https:\/\/mustafasofikerim.com.tr\/en\/bladder-cancers\/\">Bladder Cancer<\/a><\/li>\n<li id=\"menu-item-8014\" class=\"menu-item menu-item-type-post_type menu-item-object-page menu-item-8014\"><a href=\"https:\/\/mustafasofikerim.com.tr\/en\/kidney-cancers\/\">Kidney Cancer<\/a><\/li>\n<li id=\"menu-item-8015\" class=\"menu-item menu-item-type-post_type menu-item-object-page menu-item-8015\"><a href=\"https:\/\/mustafasofikerim.com.tr\/en\/kidney-stones\/\">Kidney stone<\/a><\/li>\n<li id=\"menu-item-8016\" class=\"menu-item menu-item-type-post_type menu-item-object-page menu-item-8016\"><a href=\"https:\/\/mustafasofikerim.com.tr\/en\/robotic-surgery\/\">Robotic Surgery<\/a><\/li>\n<li id=\"menu-item-8018\" class=\"menu-item menu-item-type-post_type menu-item-object-page menu-item-8018\"><a href=\"https:\/\/mustafasofikerim.com.tr\/en\/holep\/\">HOLEP<\/a><\/li>\n<li id=\"menu-item-8017\" class=\"menu-item menu-item-type-post_type menu-item-object-page menu-item-8017\"><a href=\"https:\/\/mustafasofikerim.com.tr\/en\/thulep\/\">ThuLEP<\/a><\/li>\n<li id=\"menu-item-8019\" class=\"menu-item menu-item-type-post_type menu-item-object-page menu-item-8019\"><a href=\"https:\/\/mustafasofikerim.com.tr\/en\/prostate-biopsy-treatment\/\">Prostate Biopsy<\/a><\/li>\n<li id=\"menu-item-8020\" class=\"menu-item menu-item-type-post_type menu-item-object-page menu-item-8020\"><a href=\"https:\/\/mustafasofikerim.com.tr\/en\/hydrocele\/\">hydrocele<\/a><\/li>\n<li id=\"menu-item-8021\" class=\"menu-item menu-item-type-post_type menu-item-object-page menu-item-8021\"><a href=\"https:\/\/mustafasofikerim.com.tr\/en\/varicocele\/\">Varioxel<\/a><\/li>\n<li id=\"menu-item-8022\" class=\"menu-item menu-item-type-post_type menu-item-object-page menu-item-8022\"><a href=\"https:\/\/mustafasofikerim.com.tr\/en\/testicular-cancers\/\">Testicular Cancer<\/a><\/li>\n<li id=\"menu-item-8023\" class=\"menu-item menu-item-type-post_type menu-item-object-page menu-item-8023\"><a href=\"https:\/\/mustafasofikerim.com.tr\/en\/urinary-tract-infection\/\">Urinary tract infection<\/a><\/li>\n<li id=\"menu-item-8024\" class=\"menu-item menu-item-type-post_type menu-item-object-page menu-item-8024\"><a href=\"https:\/\/mustafasofikerim.com.tr\/en\/urinary-incontinence-in-women\/\">Urinary Incontinence in Women<\/a><\/li>\n<li id=\"menu-item-8025\" class=\"menu-item menu-item-type-post_type menu-item-object-page menu-item-8025\"><a href=\"https:\/\/mustafasofikerim.com.tr\/en\/urodynamics\/\">Urodynamics<\/a><\/li>\n<li id=\"menu-item-8026\" class=\"menu-item menu-item-type-post_type menu-item-object-page menu-item-8026\"><a href=\"https:\/\/mustafasofikerim.com.tr\/en\/vesicovaginal-fistula\/\">Vesicovaginal Fistula<\/a><\/li>\n<li id=\"menu-item-8027\" class=\"menu-item menu-item-type-post_type menu-item-object-page menu-item-8027\"><a href=\"https:\/\/mustafasofikerim.com.tr\/en\/laparoscopy-surgery\/\">Laparoscopy Surgery<\/a><\/li>\n<li id=\"menu-item-8028\" class=\"menu-item menu-item-type-post_type menu-item-object-page menu-item-8028\"><a href=\"https:\/\/mustafasofikerim.com.tr\/en\/sacral-neuromodulation\/\">Sacral Neuromodulation<\/a><\/li>\n<li id=\"menu-item-8029\" class=\"menu-item menu-item-type-post_type menu-item-object-page menu-item-8029\"><a href=\"https:\/\/mustafasofikerim.com.tr\/en\/laser-prostate-surgery\/\">Laser Prostate Surgery<\/a><\/li>\n<li id=\"menu-item-8579\" class=\"menu-item menu-item-type-custom menu-item-object-custom menu-item-8579\"><a href=\"https:\/\/mustafasofikerim.com.tr\/en\/penis-prosthesis-implantation\/\">Penile Prosthesis Implantation<\/a><\/li>\n<li id=\"menu-item-8031\" class=\"menu-item menu-item-type-post_type menu-item-object-page menu-item-8031\"><a href=\"https:\/\/mustafasofikerim.com.tr\/en\/prostate-hot-water-steam-treatment\/\">Prostate Hot Water Steam Treatment<\/a><\/li>\n<li id=\"menu-item-8032\" class=\"menu-item menu-item-type-post_type menu-item-object-page menu-item-8032\"><a href=\"https:\/\/mustafasofikerim.com.tr\/en\/penis-shock-wave-therapy-eswt\/\">Penile Shock Wave Therapy \u2013 ESWT<\/a><\/li>\n<li id=\"menu-item-8033\" class=\"menu-item menu-item-type-post_type menu-item-object-page menu-item-8033\"><a href=\"https:\/\/mustafasofikerim.com.tr\/en\/male-infertility\/\">Male Infertility<\/a><\/li>\n<li id=\"menu-item-8034\" class=\"menu-item menu-item-type-post_type menu-item-object-page menu-item-8034\"><a href=\"https:\/\/mustafasofikerim.com.tr\/en\/sexual-dysfunction-erectile-dysfunction-drug-treatment\/\">Drug Treatment for Sexual Dysfunction (Erectile Dysfunction)<\/a><\/li>\n<\/ul><\/div><\/div><div id=\"block-36\" class=\"widget widget_block\">\r\n<div class=\"wp-block-group has-white-background-color has-background\"><div class=\"wp-block-group__inner-container is-layout-flow wp-block-group-is-layout-flow\">\r\n<h4 class=\"has-text-align-center wp-block-heading\">MAKE AN APPOINTMENT<\/h4>\r\n<\/div><\/div>\r\n\r\n\r\n\r\n<div class=\"wp-block-group has-white-background-color has-background\"><div class=\"wp-block-group__inner-container is-layout-flow wp-block-group-is-layout-flow\">\r\n<div class=\"wp-block-contact-form-7-contact-form-selector\">\n<div class=\"wpcf7 no-js\" id=\"wpcf7-f6-o1\" lang=\"tr-TR\" dir=\"ltr\" data-wpcf7-id=\"6\">\n<div class=\"screen-reader-response\"><p role=\"status\" aria-live=\"polite\" aria-atomic=\"true\"><\/p> <ul><\/ul><\/div>\n<form action=\"\/en\/wp-json\/wp\/v2\/pages\/7908#wpcf7-f6-o1\" method=\"post\" class=\"wpcf7-form init\" aria-label=\"Contact Form\" novalidate=\"novalidate\" data-status=\"init\" data-trp-original-action=\"\/en\/wp-json\/wp\/v2\/pages\/7908#wpcf7-f6-o1\">\n<fieldset class=\"hidden-fields-container\"><input type=\"hidden\" name=\"_wpcf7\" value=\"6\" \/><input type=\"hidden\" name=\"_wpcf7_version\" value=\"6.1.5\" \/><input type=\"hidden\" name=\"_wpcf7_locale\" value=\"tr_TR\" \/><input type=\"hidden\" name=\"_wpcf7_unit_tag\" value=\"wpcf7-f6-o1\" \/><input type=\"hidden\" name=\"_wpcf7_container_post\" value=\"0\" \/><input type=\"hidden\" name=\"_wpcf7_posted_data_hash\" value=\"\" \/>\n<\/fieldset>\n<div class=\"row\">\n\t<div class=\"col-xl-12\">\n\t\t<div class=\"mb-20\">\n\t\t\t<p><span class=\"wpcf7-form-control-wrap\" data-name=\"isim\"><input size=\"40\" maxlength=\"400\" class=\"wpcf7-form-control wpcf7-text wpcf7-validates-as-required\" aria-required=\"true\" aria-invalid=\"false\" placeholder=\"Name surname\" value=\"\" type=\"text\" name=\"isim\" \/><\/span>\n\t\t\t<\/p>\n\t\t<\/div>\n\t<\/div>\n\t<div class=\"col-xl-12\">\n\t\t<div class=\"mb-20\">\n\t\t\t<p><span class=\"wpcf7-form-control-wrap\" data-name=\"telefon\"><input size=\"40\" maxlength=\"400\" class=\"wpcf7-form-control wpcf7-tel wpcf7-validates-as-required wpcf7-text wpcf7-validates-as-tel\" aria-required=\"true\" aria-invalid=\"false\" placeholder=\"Telephone\" value=\"\" type=\"tel\" name=\"telefon\" \/><\/span>\n\t\t\t<\/p>\n\t\t<\/div>\n\t<\/div>\n\t<div class=\"col-xl-12\">\n\t\t<div class=\"mb-20\">\n\t\t\t<p><span class=\"wpcf7-form-control-wrap\" data-name=\"konu\"><input size=\"40\" maxlength=\"400\" class=\"wpcf7-form-control wpcf7-text wpcf7-validates-as-required\" aria-required=\"true\" aria-invalid=\"false\" placeholder=\"Subject\" value=\"\" type=\"text\" name=\"konu\" \/><\/span>\n\t\t\t<\/p>\n\t\t<\/div>\n\t<\/div>\n\t<div class=\"col-xl-12\">\n\t\t<div class=\"mb-20\" >\n\t\t\t<p><span class=\"wpcf7-form-control-wrap\" data-name=\"mesaj\"><textarea cols=\"40\" rows=\"10\" maxlength=\"2000\" class=\"wpcf7-form-control wpcf7-textarea wpcf7-validates-as-required\" aria-required=\"true\" aria-invalid=\"false\" placeholder=\"Message\" name=\"mesaj\"><\/textarea><\/span>\n\t\t\t<\/p>\n\t\t<\/div>\n\t<\/div>\n\t<div class=\"col-xl-12\">\n\t\t<div class=\"ser-form-btn text-center mt-2\">\n\t\t\t<p><span class=\"wpcf7-form-control-wrap\" data-name=\"hcap-cf7\">\t\t<input\n\t\t\t\ttype=\"hidden\"\n\t\t\t\tclass=\"hcaptcha-widget-id\"\n\t\t\t\tname=\"hcaptcha-widget-id\"\n\t\t\t\tvalue=\"eyJzb3VyY2UiOlsiY29udGFjdC1mb3JtLTdcL3dwLWNvbnRhY3QtZm9ybS03LnBocCJdLCJmb3JtX2lkIjo2fQ==-58bfdc94bcbe23032388c392cc38fb6c\">\n\t\t\t\t<span id=\"hcap_cf7-69e5e61579bb18.16654776\" class=\"wpcf7-form-control h-captcha\"\n\t\t\tdata-sitekey=\"cdf07dd7-c7d2-4261-980b-de37dd905c74\"\n\t\t\tdata-theme=\"light\"\n\t\t\tdata-size=\"normal\"\n\t\t\tdata-auto=\"false\"\n\t\t\tdata-ajax=\"false\"\n\t\t\tdata-force=\"false\">\n\t\t<\/span>\n\t\t<input type=\"hidden\" id=\"_wpnonce\" name=\"_wpnonce\" value=\"82a53ed169\" \/><input type=\"hidden\" name=\"_wp_http_referer\" value=\"\/en\/wp-json\/wp\/v2\/pages\/7908\" \/><\/span><input class=\"wpcf7-form-control wpcf7-submit has-spinner btn btn-icon ml-0\" type=\"submit\" value=\"Send\" \/>\n\t\t\t<\/p>\n\t\t<\/div>\n\t<\/div>\n<\/div><div class=\"wpcf7-response-output\" aria-hidden=\"true\"><\/div>\n<input type=\"hidden\" name=\"trp-form-language\" value=\"en\"\/><\/form>\n<\/div>\n<\/div>\r\n<\/div><\/div>\r\n<\/div>\t\t\t\t<\/div>\n\t\t\t\t<\/div>\n\t\t\t\t\t<\/div>\n\t\t<\/div>\n\t\t\t\t\t<\/div>\n\t\t<\/section>\n\t\t\t\t<\/div>","protected":false},"excerpt":{"rendered":"<p>Vezikovajinal Fist\u00fcl Kad\u0131nlarda idrar yolu ve kad\u0131n cinsel organlar\u0131 aras\u0131nda meydana gelen fist\u00fcllerin alt tipi\u00a0 vezikovajinal fist\u00fcl\u00a0olarak [&hellip;]<\/p>","protected":false},"author":1,"featured_media":0,"parent":0,"menu_order":0,"comment_status":"closed","ping_status":"closed","template":"","meta":{"footnotes":""},"class_list":["post-7908","page","type-page","status-publish","hentry"],"_links":{"self":[{"href":"https:\/\/mustafasofikerim.com.tr\/en\/wp-json\/wp\/v2\/pages\/7908","targetHints":{"allow":["GET"]}}],"collection":[{"href":"https:\/\/mustafasofikerim.com.tr\/en\/wp-json\/wp\/v2\/pages"}],"about":[{"href":"https:\/\/mustafasofikerim.com.tr\/en\/wp-json\/wp\/v2\/types\/page"}],"author":[{"embeddable":true,"href":"https:\/\/mustafasofikerim.com.tr\/en\/wp-json\/wp\/v2\/users\/1"}],"replies":[{"embeddable":true,"href":"https:\/\/mustafasofikerim.com.tr\/en\/wp-json\/wp\/v2\/comments?post=7908"}],"version-history":[{"count":0,"href":"https:\/\/mustafasofikerim.com.tr\/en\/wp-json\/wp\/v2\/pages\/7908\/revisions"}],"wp:attachment":[{"href":"https:\/\/mustafasofikerim.com.tr\/en\/wp-json\/wp\/v2\/media?parent=7908"}],"curies":[{"name":"wp","href":"https:\/\/api.w.org\/{rel}","templated":true}]}}